{"id":1246454,"date":"2022-04-04T10:50:08","date_gmt":"2022-04-04T08:50:08","guid":{"rendered":"https:\/\/www.interiman-group.ch\/?page_id=1246454"},"modified":"2023-04-06T09:05:35","modified_gmt":"2023-04-06T07:05:35","slug":"kontakt-interiman-group","status":"publish","type":"page","link":"https:\/\/www.interiman-group.ch\/de\/kontakt-interiman-group\/","title":{"rendered":"Kontakt\u00a0Interiman Group"},"content":{"rendered":"\n<div class=\"wp-block-contact-form-7-contact-form-selector\">\n<div class=\"wpcf7 no-js\" id=\"wpcf7-f1246446-o1\" lang=\"de-DE\" dir=\"ltr\" data-wpcf7-id=\"1246446\">\n<div class=\"screen-reader-response\"><p role=\"status\" aria-live=\"polite\" aria-atomic=\"true\"><\/p> <ul><\/ul><\/div>\n<form action=\"\/de\/wp-json\/wp\/v2\/pages\/1246454#wpcf7-f1246446-o1\" method=\"post\" class=\"wpcf7-form init\" aria-label=\"Kontaktformular\" novalidate=\"novalidate\" data-status=\"init\">\n<fieldset class=\"hidden-fields-container\"><input type=\"hidden\" name=\"_wpcf7\" value=\"1246446\" \/><input type=\"hidden\" name=\"_wpcf7_version\" value=\"6.1.5\" \/><input type=\"hidden\" name=\"_wpcf7_locale\" value=\"de_DE\" \/><input type=\"hidden\" name=\"_wpcf7_unit_tag\" value=\"wpcf7-f1246446-o1\" \/><input type=\"hidden\" name=\"_wpcf7_container_post\" value=\"0\" \/><input type=\"hidden\" name=\"_wpcf7_posted_data_hash\" value=\"\" \/><input type=\"hidden\" name=\"_wpcf7cf_hidden_group_fields\" value=\"[]\" \/><input type=\"hidden\" name=\"_wpcf7cf_hidden_groups\" value=\"[]\" \/><input type=\"hidden\" name=\"_wpcf7cf_visible_groups\" value=\"[]\" \/><input type=\"hidden\" name=\"_wpcf7cf_repeaters\" value=\"[]\" \/><input type=\"hidden\" name=\"_wpcf7cf_steps\" value=\"{}\" \/><input type=\"hidden\" name=\"_wpcf7cf_options\" value=\"{&quot;form_id&quot;:1246446,&quot;conditions&quot;:[],&quot;settings&quot;:{&quot;animation&quot;:&quot;yes&quot;,&quot;animation_intime&quot;:200,&quot;animation_outtime&quot;:200,&quot;conditions_ui&quot;:&quot;normal&quot;,&quot;notice_dismissed&quot;:false,&quot;notice_dismissed_update-cf7-5.6&quot;:true}}\" \/><input type=\"hidden\" name=\"_wpcf7_recaptcha_response\" value=\"\" \/>\n<\/fieldset>\n<div class=\"row\">\n\t<div class=\"col-12\">\n\t\t<h4 class=\"igs-global-txt-h3 igs-global-container-border-b igs-global-mb-m\">Pers\u00f6nliche Daten\n\t\t<\/h4>\n\t<\/div>\n\t<div class=\"col-12 col-sm-6\">\n\t\t<p><label class=\"igs-global-txt-p igs-contact-label\">Vorname*<\/label>\n\t\t<\/p>\n\t\t<div class=\"igs-contact-inputfield igs-global-txt-p\">\n\t\t\t<p><span class=\"wpcf7-form-control-wrap\" data-name=\"your-name\"><input size=\"40\" maxlength=\"400\" class=\"wpcf7-form-control wpcf7-text wpcf7-validates-as-required\" aria-required=\"true\" aria-invalid=\"false\" placeholder=\"Vorname\" value=\"\" type=\"text\" name=\"your-name\" \/><\/span><br \/>\n<span class=\"material-symbols-sharp igs-contact-img\">person<\/span>\n\t\t\t<\/p>\n\t\t<\/div>\n\t<\/div>\n\t<div class=\"col-12 col-sm-6\">\n\t\t<p><label class=\"igs-global-txt-p  igs-contact-label\">Nachname*<\/label>\n\t\t<\/p>\n\t\t<div class=\"igs-contact-inputfield igs-global-txt-p\">\n\t\t\t<p><span class=\"wpcf7-form-control-wrap\" data-name=\"your-surname\"><input size=\"40\" maxlength=\"400\" class=\"wpcf7-form-control wpcf7-text wpcf7-validates-as-required\" aria-required=\"true\" aria-invalid=\"false\" placeholder=\"Nachname\" value=\"\" type=\"text\" name=\"your-surname\" \/><\/span><br \/>\n<span class=\"material-symbols-sharp igs-contact-img\">person<\/span>\n\t\t\t<\/p>\n\t\t<\/div>\n\t<\/div>\n\t<div class=\"col-12 col-sm-6\">\n\t\t<p><label class=\"igs-global-txt-p  igs-contact-label\">Email*<\/label>\n\t\t<\/p>\n\t\t<div class=\"igs-contact-inputfield igs-global-txt-p\">\n\t\t\t<p><span class=\"wpcf7-form-control-wrap\" data-name=\"your-email\"><input size=\"40\" maxlength=\"400\" class=\"wpcf7-form-control wpcf7-email wpcf7-validates-as-required wpcf7-text wpcf7-validates-as-email\" aria-required=\"true\" aria-invalid=\"false\" placeholder=\"Email\" value=\"\" type=\"email\" name=\"your-email\" \/><\/span><br \/>\n<span class=\"material-symbols-sharp igs-contact-img\">mail<\/span>\n\t\t\t<\/p>\n\t\t<\/div>\n\t<\/div>\n\t<div class=\"col-12 col-sm-6\">\n\t\t<p><label class=\"igs-global-txt-p  igs-contact-label\">Telefon*<\/label>\n\t\t<\/p>\n\t\t<div class=\"igs-contact-inputfield igs-global-txt-p\">\n\t\t\t<p><span class=\"wpcf7-form-control-wrap\" data-name=\"your-phone\"><input size=\"40\" maxlength=\"400\" class=\"wpcf7-form-control wpcf7-text wpcf7-validates-as-required\" aria-required=\"true\" aria-invalid=\"false\" placeholder=\"Telefon\" value=\"\" type=\"text\" name=\"your-phone\" \/><\/span><br \/>\n<span class=\"material-symbols-sharp igs-contact-img\">phone<\/span>\n\t\t\t<\/p>\n\t\t<\/div>\n\t<\/div>\n\t<div class=\"col-12\">\n\t\t<h4 class=\"igs-global-txt-h3 igs-global-container-border-b igs-global-mb-m\">Ihre Nachricht\n\t\t<\/h4>\n\t<\/div>\n\t<div class=\"col-12\">\n\t\t<p><span class=\"wpcf7-form-control-wrap\" data-name=\"message\"><textarea cols=\"40\" rows=\"10\" maxlength=\"2000\" class=\"wpcf7-form-control wpcf7-textarea wpcf7-validates-as-required\" aria-required=\"true\" aria-invalid=\"false\" placeholder=\"Schreiben Sie Ihre Nachricht\" name=\"message\"><\/textarea><\/span>\n\t\t<\/p>\n\t<\/div>\n<\/div>\n<div class=\"row\">\n\t<div class=\"col-12\">\n\t\t<p class=\"igs-global-txt-p\">Mit dem Absenden dieser Kontaktanfrage stimme ich zu, dass die eingegebenen Informationen von Interiman Group im Zusammenhang mit meiner Anfrage genutzt werden, um eine erneute Kontaktaufnahme zu erm\u00f6glichen.\n\t\t<\/p>\n\t\t<p><span class=\"wpcf7-form-control-wrap\" data-name=\"checkbox-561\"><span class=\"wpcf7-form-control wpcf7-checkbox wpcf7-validates-as-required\" id=\"jaccepte\"><span class=\"wpcf7-list-item first last\"><input type=\"checkbox\" name=\"checkbox-561[]\" value=\"Ich akzeptiere\" \/><span class=\"wpcf7-list-item-label\">Ich akzeptiere<\/span><\/span><\/span><\/span>\n\t\t<\/p>\n\t\t<p class=\"igs-global-txt-p\">Um Ihre Rechte zu erfahren und auszu\u00fcben, einschlie\u00dflich des Widerrufs Ihrer Zustimmung zur Nutzung Ihrer \u00fcber dieses Formular \u00fcbermittelten Daten, besuchen Sie bitte unsere <a href='\/de\/datenschutzbestimmungen\/' target=\"blank\" class=\"themecolor\">Datenschutzbestimmungen<\/a>.\n\t\t<\/p>\n\t\t<p><input class=\"wpcf7-form-control wpcf7-submit has-spinner\" type=\"submit\" value=\"Senden\" \/>\n\t\t<\/p>\n\t<\/div>\n<\/div><p style=\"display: none !important;\" class=\"akismet-fields-container\" data-prefix=\"_wpcf7_ak_\"><label>&#916;<textarea name=\"_wpcf7_ak_hp_textarea\" cols=\"45\" rows=\"8\" maxlength=\"100\"><\/textarea><\/label><input type=\"hidden\" id=\"ak_js_1\" name=\"_wpcf7_ak_js\" value=\"81\"\/><script>document.getElementById( \"ak_js_1\" ).setAttribute( \"value\", ( new Date() ).getTime() );<\/script><\/p><div class=\"wpcf7-response-output\" aria-hidden=\"true\"><\/div>\n<\/form>\n<\/div>\n<\/div>\n","protected":false},"excerpt":{"rendered":"<p> [&#8230;]<\/p>\n<p><a class=\"btn btn-secondary understrap-read-more-link\" href=\"https:\/\/www.interiman-group.ch\/de\/kontakt-interiman-group\/\">Weiterlesen&#8230;<span class=\"screen-reader-text\"> from Kontakt\u00a0Interiman Group<\/span><\/a><\/p>\n","protected":false},"author":1,"featured_media":0,"parent":0,"menu_order":0,"comment_status":"closed","ping_status":"closed","template":"template-igs-contact.php","meta":{"_monsterinsights_skip_tracking":false,"_monsterinsights_sitenote_active":false,"_monsterinsights_sitenote_note":"","_monsterinsights_sitenote_category":0,"footnotes":""},"class_list":["post-1246454","page","type-page","status-publish","hentry"],"yoast_head":"<!-- This site is optimized with the Yoast SEO plugin v26.9 - https:\/\/yoast.com\/product\/yoast-seo-wordpress\/ -->\n<title>Kontakt\u00a0Interiman Group - Interiman Group<\/title>\n<meta name=\"description\" content=\"M\u00f6chten Sie eine Zusammenarbeit besprechen oder ben\u00f6tigen Sie Informationen \u00fcber unsere verschiedenen Leistungen? Nehmen Sie Kontakt mit unserem Team auf.\" \/>\n<meta name=\"robots\" content=\"index, follow, max-snippet:-1, max-image-preview:large, max-video-preview:-1\" \/>\n<link rel=\"canonical\" href=\"https:\/\/www.interiman-group.ch\/de\/kontakt-interiman-group\/\" \/>\n<meta property=\"og:locale\" content=\"de_DE\" \/>\n<meta property=\"og:type\" content=\"article\" \/>\n<meta property=\"og:title\" content=\"Kontakt\u00a0Interiman Group - Interiman Group\" \/>\n<meta property=\"og:description\" content=\"M\u00f6chten Sie eine Zusammenarbeit besprechen oder ben\u00f6tigen Sie Informationen \u00fcber unsere verschiedenen Leistungen? Nehmen Sie Kontakt mit unserem Team auf.\" \/>\n<meta property=\"og:url\" content=\"https:\/\/www.interiman-group.ch\/de\/kontakt-interiman-group\/\" \/>\n<meta property=\"og:site_name\" content=\"Interiman Group\" \/>\n<meta property=\"article:publisher\" content=\"https:\/\/www.facebook.com\/Medicalis-1737325559702106\/\" \/>\n<meta property=\"article:modified_time\" content=\"2023-04-06T07:05:35+00:00\" \/>\n<meta property=\"og:image\" content=\"https:\/\/www.interiman-group.ch\/wp-content\/uploads\/2023\/08\/Logo_Interiman_Group_rvb_high.png\" \/>\n\t<meta property=\"og:image:width\" content=\"1112\" \/>\n\t<meta property=\"og:image:height\" content=\"510\" \/>\n\t<meta property=\"og:image:type\" content=\"image\/png\" \/>\n<meta name=\"twitter:card\" content=\"summary_large_image\" \/>\n<meta name=\"twitter:label1\" content=\"Gesch\u00e4tzte Lesezeit\" \/>\n\t<meta name=\"twitter:data1\" content=\"1\u00a0Minute\" \/>\n<script type=\"application\/ld+json\" class=\"yoast-schema-graph\">{\"@context\":\"https:\/\/schema.org\",\"@graph\":[{\"@type\":\"WebPage\",\"@id\":\"https:\/\/www.interiman-group.ch\/de\/kontakt-interiman-group\/\",\"url\":\"https:\/\/www.interiman-group.ch\/de\/kontakt-interiman-group\/\",\"name\":\"Kontakt\u00a0Interiman Group - Interiman Group\",\"isPartOf\":{\"@id\":\"https:\/\/www.interiman-group.ch\/de\/#website\"},\"datePublished\":\"2022-04-04T08:50:08+00:00\",\"dateModified\":\"2023-04-06T07:05:35+00:00\",\"description\":\"M\u00f6chten Sie eine Zusammenarbeit besprechen oder ben\u00f6tigen Sie Informationen \u00fcber unsere verschiedenen Leistungen? Nehmen Sie Kontakt mit unserem Team auf.\",\"breadcrumb\":{\"@id\":\"https:\/\/www.interiman-group.ch\/de\/kontakt-interiman-group\/#breadcrumb\"},\"inLanguage\":\"de\",\"potentialAction\":[{\"@type\":\"ReadAction\",\"target\":[\"https:\/\/www.interiman-group.ch\/de\/kontakt-interiman-group\/\"]}]},{\"@type\":\"BreadcrumbList\",\"@id\":\"https:\/\/www.interiman-group.ch\/de\/kontakt-interiman-group\/#breadcrumb\",\"itemListElement\":[{\"@type\":\"ListItem\",\"position\":1,\"name\":\"Accueil\",\"item\":\"https:\/\/www.interiman-group.ch\/de\/\"},{\"@type\":\"ListItem\",\"position\":2,\"name\":\"Kontakt\u00a0Interiman Group\"}]},{\"@type\":\"WebSite\",\"@id\":\"https:\/\/www.interiman-group.ch\/de\/#website\",\"url\":\"https:\/\/www.interiman-group.ch\/de\/\",\"name\":\"Interiman Group\",\"description\":\"\",\"publisher\":{\"@id\":\"https:\/\/www.interiman-group.ch\/de\/#organization\"},\"potentialAction\":[{\"@type\":\"SearchAction\",\"target\":{\"@type\":\"EntryPoint\",\"urlTemplate\":\"https:\/\/www.interiman-group.ch\/de\/?s={search_term_string}\"},\"query-input\":{\"@type\":\"PropertyValueSpecification\",\"valueRequired\":true,\"valueName\":\"search_term_string\"}}],\"inLanguage\":\"de\"},{\"@type\":\"Organization\",\"@id\":\"https:\/\/www.interiman-group.ch\/de\/#organization\",\"name\":\"Interiman Group\",\"url\":\"https:\/\/www.interiman-group.ch\/de\/\",\"logo\":{\"@type\":\"ImageObject\",\"inLanguage\":\"de\",\"@id\":\"https:\/\/www.interiman-group.ch\/de\/#\/schema\/logo\/image\/\",\"url\":\"https:\/\/www.interiman-group.ch\/wp-content\/uploads\/2022\/10\/igs-nav.png\",\"contentUrl\":\"https:\/\/www.interiman-group.ch\/wp-content\/uploads\/2022\/10\/igs-nav.png\",\"width\":157,\"height\":62,\"caption\":\"Interiman Group\"},\"image\":{\"@id\":\"https:\/\/www.interiman-group.ch\/de\/#\/schema\/logo\/image\/\"},\"sameAs\":[\"https:\/\/www.facebook.com\/Medicalis-1737325559702106\/\",\"https:\/\/www.linkedin.com\/company\/19057976\/\"]}]}<\/script>\n<!-- \/ Yoast SEO plugin. -->","yoast_head_json":{"title":"Kontakt\u00a0Interiman Group - Interiman Group","description":"M\u00f6chten Sie eine Zusammenarbeit besprechen oder ben\u00f6tigen Sie Informationen \u00fcber unsere verschiedenen Leistungen? Nehmen Sie Kontakt mit unserem Team auf.","robots":{"index":"index","follow":"follow","max-snippet":"max-snippet:-1","max-image-preview":"max-image-preview:large","max-video-preview":"max-video-preview:-1"},"canonical":"https:\/\/www.interiman-group.ch\/de\/kontakt-interiman-group\/","og_locale":"de_DE","og_type":"article","og_title":"Kontakt\u00a0Interiman Group - Interiman Group","og_description":"M\u00f6chten Sie eine Zusammenarbeit besprechen oder ben\u00f6tigen Sie Informationen \u00fcber unsere verschiedenen Leistungen? Nehmen Sie Kontakt mit unserem Team auf.","og_url":"https:\/\/www.interiman-group.ch\/de\/kontakt-interiman-group\/","og_site_name":"Interiman Group","article_publisher":"https:\/\/www.facebook.com\/Medicalis-1737325559702106\/","article_modified_time":"2023-04-06T07:05:35+00:00","og_image":[{"width":1112,"height":510,"url":"https:\/\/www.interiman-group.ch\/wp-content\/uploads\/2023\/08\/Logo_Interiman_Group_rvb_high.png","type":"image\/png"}],"twitter_card":"summary_large_image","twitter_misc":{"Gesch\u00e4tzte Lesezeit":"1\u00a0Minute"},"schema":{"@context":"https:\/\/schema.org","@graph":[{"@type":"WebPage","@id":"https:\/\/www.interiman-group.ch\/de\/kontakt-interiman-group\/","url":"https:\/\/www.interiman-group.ch\/de\/kontakt-interiman-group\/","name":"Kontakt\u00a0Interiman Group - Interiman Group","isPartOf":{"@id":"https:\/\/www.interiman-group.ch\/de\/#website"},"datePublished":"2022-04-04T08:50:08+00:00","dateModified":"2023-04-06T07:05:35+00:00","description":"M\u00f6chten Sie eine Zusammenarbeit besprechen oder ben\u00f6tigen Sie Informationen \u00fcber unsere verschiedenen Leistungen? Nehmen Sie Kontakt mit unserem Team auf.","breadcrumb":{"@id":"https:\/\/www.interiman-group.ch\/de\/kontakt-interiman-group\/#breadcrumb"},"inLanguage":"de","potentialAction":[{"@type":"ReadAction","target":["https:\/\/www.interiman-group.ch\/de\/kontakt-interiman-group\/"]}]},{"@type":"BreadcrumbList","@id":"https:\/\/www.interiman-group.ch\/de\/kontakt-interiman-group\/#breadcrumb","itemListElement":[{"@type":"ListItem","position":1,"name":"Accueil","item":"https:\/\/www.interiman-group.ch\/de\/"},{"@type":"ListItem","position":2,"name":"Kontakt\u00a0Interiman Group"}]},{"@type":"WebSite","@id":"https:\/\/www.interiman-group.ch\/de\/#website","url":"https:\/\/www.interiman-group.ch\/de\/","name":"Interiman Group","description":"","publisher":{"@id":"https:\/\/www.interiman-group.ch\/de\/#organization"},"potentialAction":[{"@type":"SearchAction","target":{"@type":"EntryPoint","urlTemplate":"https:\/\/www.interiman-group.ch\/de\/?s={search_term_string}"},"query-input":{"@type":"PropertyValueSpecification","valueRequired":true,"valueName":"search_term_string"}}],"inLanguage":"de"},{"@type":"Organization","@id":"https:\/\/www.interiman-group.ch\/de\/#organization","name":"Interiman Group","url":"https:\/\/www.interiman-group.ch\/de\/","logo":{"@type":"ImageObject","inLanguage":"de","@id":"https:\/\/www.interiman-group.ch\/de\/#\/schema\/logo\/image\/","url":"https:\/\/www.interiman-group.ch\/wp-content\/uploads\/2022\/10\/igs-nav.png","contentUrl":"https:\/\/www.interiman-group.ch\/wp-content\/uploads\/2022\/10\/igs-nav.png","width":157,"height":62,"caption":"Interiman Group"},"image":{"@id":"https:\/\/www.interiman-group.ch\/de\/#\/schema\/logo\/image\/"},"sameAs":["https:\/\/www.facebook.com\/Medicalis-1737325559702106\/","https:\/\/www.linkedin.com\/company\/19057976\/"]}]}},"_links":{"self":[{"href":"https:\/\/www.interiman-group.ch\/de\/wp-json\/wp\/v2\/pages\/1246454","targetHints":{"allow":["GET"]}}],"collection":[{"href":"https:\/\/www.interiman-group.ch\/de\/wp-json\/wp\/v2\/pages"}],"about":[{"href":"https:\/\/www.interiman-group.ch\/de\/wp-json\/wp\/v2\/types\/page"}],"author":[{"embeddable":true,"href":"https:\/\/www.interiman-group.ch\/de\/wp-json\/wp\/v2\/users\/1"}],"replies":[{"embeddable":true,"href":"https:\/\/www.interiman-group.ch\/de\/wp-json\/wp\/v2\/comments?post=1246454"}],"version-history":[{"count":5,"href":"https:\/\/www.interiman-group.ch\/de\/wp-json\/wp\/v2\/pages\/1246454\/revisions"}],"predecessor-version":[{"id":1287423,"href":"https:\/\/www.interiman-group.ch\/de\/wp-json\/wp\/v2\/pages\/1246454\/revisions\/1287423"}],"wp:attachment":[{"href":"https:\/\/www.interiman-group.ch\/de\/wp-json\/wp\/v2\/media?parent=1246454"}],"curies":[{"name":"wp","href":"https:\/\/api.w.org\/{rel}","templated":true}]}}