{"id":1246536,"date":"2022-05-09T13:47:34","date_gmt":"2022-05-09T11:47:34","guid":{"rendered":"https:\/\/www.interiman-group.ch\/?page_id=1246536"},"modified":"2023-02-03T16:47:59","modified_gmt":"2023-02-03T15:47:59","slug":"rekrutierung-fuer-feststellen","status":"publish","type":"page","link":"https:\/\/www.interiman-group.ch\/de\/rekrutierung-fuer-feststellen\/","title":{"rendered":"Unsere Leistungen: Rekrutierung f\u00fcr Feststellen"},"content":{"rendered":"","protected":false},"excerpt":{"rendered":"<p> [&#8230;]<\/p>\n<p><a class=\"btn btn-secondary understrap-read-more-link\" href=\"https:\/\/www.interiman-group.ch\/de\/rekrutierung-fuer-feststellen\/\">Weiterlesen&#8230;<span class=\"screen-reader-text\"> from Unsere Leistungen: Rekrutierung f\u00fcr Feststellen<\/span><\/a><\/p>\n","protected":false},"author":1,"featured_media":0,"parent":0,"menu_order":0,"comment_status":"closed","ping_status":"closed","template":"page-templates\/template-igs-prestation-fixe.php","meta":{"_monsterinsights_skip_tracking":false,"_monsterinsights_sitenote_active":false,"_monsterinsights_sitenote_note":"","_monsterinsights_sitenote_category":0,"footnotes":""},"class_list":["post-1246536","page","type-page","status-publish","hentry"],"yoast_head":"<!-- This site is optimized with the Yoast SEO plugin v26.9 - https:\/\/yoast.com\/product\/yoast-seo-wordpress\/ -->\n<title>Unsere Leistungen: Rekrutierung f\u00fcr Feststellen - Interiman Group<\/title>\n<meta name=\"description\" content=\"Die Einstellung von fest angestelltem Personal ist eine langfristige L\u00f6sung, die es Ihrem Unternehmen erm\u00f6glicht, weiter zu wachsen. Nutzen Sie unsere Erfahrung in der Personalbeschaffung, unser Branchen-Know-how und unser Expertennetzwerk, um Ihren zuk\u00fcnftigen Mitarbeiter zu finden.\" \/>\n<meta name=\"robots\" content=\"index, follow, max-snippet:-1, max-image-preview:large, max-video-preview:-1\" \/>\n<link rel=\"canonical\" href=\"https:\/\/www.interiman-group.ch\/de\/rekrutierung-fuer-feststellen\/\" \/>\n<meta property=\"og:locale\" content=\"de_DE\" \/>\n<meta property=\"og:type\" content=\"article\" \/>\n<meta property=\"og:title\" content=\"Unsere Leistungen: Rekrutierung f\u00fcr Feststellen - Interiman Group\" \/>\n<meta property=\"og:description\" content=\"Die Einstellung von fest angestelltem Personal ist eine langfristige L\u00f6sung, die es Ihrem Unternehmen erm\u00f6glicht, weiter zu wachsen. Nutzen Sie unsere Erfahrung in der Personalbeschaffung, unser Branchen-Know-how und unser Expertennetzwerk, um Ihren zuk\u00fcnftigen Mitarbeiter zu finden.\" \/>\n<meta property=\"og:url\" content=\"https:\/\/www.interiman-group.ch\/de\/rekrutierung-fuer-feststellen\/\" \/>\n<meta property=\"og:site_name\" content=\"Interiman Group\" \/>\n<meta property=\"article:publisher\" content=\"https:\/\/www.facebook.com\/Medicalis-1737325559702106\/\" \/>\n<meta property=\"article:modified_time\" content=\"2023-02-03T15:47:59+00:00\" \/>\n<meta property=\"og:image\" content=\"https:\/\/www.interiman-group.ch\/wp-content\/uploads\/2023\/08\/Logo_Interiman_Group_rvb_high.png\" \/>\n\t<meta property=\"og:image:width\" content=\"1112\" \/>\n\t<meta property=\"og:image:height\" content=\"510\" \/>\n\t<meta property=\"og:image:type\" content=\"image\/png\" \/>\n<meta name=\"twitter:card\" content=\"summary_large_image\" \/>\n<script type=\"application\/ld+json\" class=\"yoast-schema-graph\">{\"@context\":\"https:\/\/schema.org\",\"@graph\":[{\"@type\":\"WebPage\",\"@id\":\"https:\/\/www.interiman-group.ch\/de\/rekrutierung-fuer-feststellen\/\",\"url\":\"https:\/\/www.interiman-group.ch\/de\/rekrutierung-fuer-feststellen\/\",\"name\":\"Unsere Leistungen: Rekrutierung f\u00fcr Feststellen - Interiman Group\",\"isPartOf\":{\"@id\":\"https:\/\/www.interiman-group.ch\/de\/#website\"},\"datePublished\":\"2022-05-09T11:47:34+00:00\",\"dateModified\":\"2023-02-03T15:47:59+00:00\",\"description\":\"Die Einstellung von fest angestelltem Personal ist eine langfristige L\u00f6sung, die es Ihrem Unternehmen erm\u00f6glicht, weiter zu wachsen. Nutzen Sie unsere Erfahrung in der Personalbeschaffung, unser Branchen-Know-how und unser Expertennetzwerk, um Ihren zuk\u00fcnftigen Mitarbeiter zu finden.\",\"breadcrumb\":{\"@id\":\"https:\/\/www.interiman-group.ch\/de\/rekrutierung-fuer-feststellen\/#breadcrumb\"},\"inLanguage\":\"de\",\"potentialAction\":[{\"@type\":\"ReadAction\",\"target\":[\"https:\/\/www.interiman-group.ch\/de\/rekrutierung-fuer-feststellen\/\"]}]},{\"@type\":\"BreadcrumbList\",\"@id\":\"https:\/\/www.interiman-group.ch\/de\/rekrutierung-fuer-feststellen\/#breadcrumb\",\"itemListElement\":[{\"@type\":\"ListItem\",\"position\":1,\"name\":\"Accueil\",\"item\":\"https:\/\/www.interiman-group.ch\/de\/\"},{\"@type\":\"ListItem\",\"position\":2,\"name\":\"Unsere Leistungen: Rekrutierung f\u00fcr Feststellen\"}]},{\"@type\":\"WebSite\",\"@id\":\"https:\/\/www.interiman-group.ch\/de\/#website\",\"url\":\"https:\/\/www.interiman-group.ch\/de\/\",\"name\":\"Interiman Group\",\"description\":\"\",\"publisher\":{\"@id\":\"https:\/\/www.interiman-group.ch\/de\/#organization\"},\"potentialAction\":[{\"@type\":\"SearchAction\",\"target\":{\"@type\":\"EntryPoint\",\"urlTemplate\":\"https:\/\/www.interiman-group.ch\/de\/?s={search_term_string}\"},\"query-input\":{\"@type\":\"PropertyValueSpecification\",\"valueRequired\":true,\"valueName\":\"search_term_string\"}}],\"inLanguage\":\"de\"},{\"@type\":\"Organization\",\"@id\":\"https:\/\/www.interiman-group.ch\/de\/#organization\",\"name\":\"Interiman Group\",\"url\":\"https:\/\/www.interiman-group.ch\/de\/\",\"logo\":{\"@type\":\"ImageObject\",\"inLanguage\":\"de\",\"@id\":\"https:\/\/www.interiman-group.ch\/de\/#\/schema\/logo\/image\/\",\"url\":\"https:\/\/www.interiman-group.ch\/wp-content\/uploads\/2022\/10\/igs-nav.png\",\"contentUrl\":\"https:\/\/www.interiman-group.ch\/wp-content\/uploads\/2022\/10\/igs-nav.png\",\"width\":157,\"height\":62,\"caption\":\"Interiman Group\"},\"image\":{\"@id\":\"https:\/\/www.interiman-group.ch\/de\/#\/schema\/logo\/image\/\"},\"sameAs\":[\"https:\/\/www.facebook.com\/Medicalis-1737325559702106\/\",\"https:\/\/www.linkedin.com\/company\/19057976\/\"]}]}<\/script>\n<!-- \/ Yoast SEO plugin. -->","yoast_head_json":{"title":"Unsere Leistungen: Rekrutierung f\u00fcr Feststellen - Interiman Group","description":"Die Einstellung von fest angestelltem Personal ist eine langfristige L\u00f6sung, die es Ihrem Unternehmen erm\u00f6glicht, weiter zu wachsen. Nutzen Sie unsere Erfahrung in der Personalbeschaffung, unser Branchen-Know-how und unser Expertennetzwerk, um Ihren zuk\u00fcnftigen Mitarbeiter zu finden.","robots":{"index":"index","follow":"follow","max-snippet":"max-snippet:-1","max-image-preview":"max-image-preview:large","max-video-preview":"max-video-preview:-1"},"canonical":"https:\/\/www.interiman-group.ch\/de\/rekrutierung-fuer-feststellen\/","og_locale":"de_DE","og_type":"article","og_title":"Unsere Leistungen: Rekrutierung f\u00fcr Feststellen - Interiman Group","og_description":"Die Einstellung von fest angestelltem Personal ist eine langfristige L\u00f6sung, die es Ihrem Unternehmen erm\u00f6glicht, weiter zu wachsen. Nutzen Sie unsere Erfahrung in der Personalbeschaffung, unser Branchen-Know-how und unser Expertennetzwerk, um Ihren zuk\u00fcnftigen Mitarbeiter zu finden.","og_url":"https:\/\/www.interiman-group.ch\/de\/rekrutierung-fuer-feststellen\/","og_site_name":"Interiman Group","article_publisher":"https:\/\/www.facebook.com\/Medicalis-1737325559702106\/","article_modified_time":"2023-02-03T15:47:59+00:00","og_image":[{"width":1112,"height":510,"url":"https:\/\/www.interiman-group.ch\/wp-content\/uploads\/2023\/08\/Logo_Interiman_Group_rvb_high.png","type":"image\/png"}],"twitter_card":"summary_large_image","schema":{"@context":"https:\/\/schema.org","@graph":[{"@type":"WebPage","@id":"https:\/\/www.interiman-group.ch\/de\/rekrutierung-fuer-feststellen\/","url":"https:\/\/www.interiman-group.ch\/de\/rekrutierung-fuer-feststellen\/","name":"Unsere Leistungen: Rekrutierung f\u00fcr Feststellen - Interiman Group","isPartOf":{"@id":"https:\/\/www.interiman-group.ch\/de\/#website"},"datePublished":"2022-05-09T11:47:34+00:00","dateModified":"2023-02-03T15:47:59+00:00","description":"Die Einstellung von fest angestelltem Personal ist eine langfristige L\u00f6sung, die es Ihrem Unternehmen erm\u00f6glicht, weiter zu wachsen. Nutzen Sie unsere Erfahrung in der Personalbeschaffung, unser Branchen-Know-how und unser Expertennetzwerk, um Ihren zuk\u00fcnftigen Mitarbeiter zu finden.","breadcrumb":{"@id":"https:\/\/www.interiman-group.ch\/de\/rekrutierung-fuer-feststellen\/#breadcrumb"},"inLanguage":"de","potentialAction":[{"@type":"ReadAction","target":["https:\/\/www.interiman-group.ch\/de\/rekrutierung-fuer-feststellen\/"]}]},{"@type":"BreadcrumbList","@id":"https:\/\/www.interiman-group.ch\/de\/rekrutierung-fuer-feststellen\/#breadcrumb","itemListElement":[{"@type":"ListItem","position":1,"name":"Accueil","item":"https:\/\/www.interiman-group.ch\/de\/"},{"@type":"ListItem","position":2,"name":"Unsere Leistungen: Rekrutierung f\u00fcr Feststellen"}]},{"@type":"WebSite","@id":"https:\/\/www.interiman-group.ch\/de\/#website","url":"https:\/\/www.interiman-group.ch\/de\/","name":"Interiman Group","description":"","publisher":{"@id":"https:\/\/www.interiman-group.ch\/de\/#organization"},"potentialAction":[{"@type":"SearchAction","target":{"@type":"EntryPoint","urlTemplate":"https:\/\/www.interiman-group.ch\/de\/?s={search_term_string}"},"query-input":{"@type":"PropertyValueSpecification","valueRequired":true,"valueName":"search_term_string"}}],"inLanguage":"de"},{"@type":"Organization","@id":"https:\/\/www.interiman-group.ch\/de\/#organization","name":"Interiman Group","url":"https:\/\/www.interiman-group.ch\/de\/","logo":{"@type":"ImageObject","inLanguage":"de","@id":"https:\/\/www.interiman-group.ch\/de\/#\/schema\/logo\/image\/","url":"https:\/\/www.interiman-group.ch\/wp-content\/uploads\/2022\/10\/igs-nav.png","contentUrl":"https:\/\/www.interiman-group.ch\/wp-content\/uploads\/2022\/10\/igs-nav.png","width":157,"height":62,"caption":"Interiman Group"},"image":{"@id":"https:\/\/www.interiman-group.ch\/de\/#\/schema\/logo\/image\/"},"sameAs":["https:\/\/www.facebook.com\/Medicalis-1737325559702106\/","https:\/\/www.linkedin.com\/company\/19057976\/"]}]}},"_links":{"self":[{"href":"https:\/\/www.interiman-group.ch\/de\/wp-json\/wp\/v2\/pages\/1246536","targetHints":{"allow":["GET"]}}],"collection":[{"href":"https:\/\/www.interiman-group.ch\/de\/wp-json\/wp\/v2\/pages"}],"about":[{"href":"https:\/\/www.interiman-group.ch\/de\/wp-json\/wp\/v2\/types\/page"}],"author":[{"embeddable":true,"href":"https:\/\/www.interiman-group.ch\/de\/wp-json\/wp\/v2\/users\/1"}],"replies":[{"embeddable":true,"href":"https:\/\/www.interiman-group.ch\/de\/wp-json\/wp\/v2\/comments?post=1246536"}],"version-history":[{"count":2,"href":"https:\/\/www.interiman-group.ch\/de\/wp-json\/wp\/v2\/pages\/1246536\/revisions"}],"predecessor-version":[{"id":1268191,"href":"https:\/\/www.interiman-group.ch\/de\/wp-json\/wp\/v2\/pages\/1246536\/revisions\/1268191"}],"wp:attachment":[{"href":"https:\/\/www.interiman-group.ch\/de\/wp-json\/wp\/v2\/media?parent=1246536"}],"curies":[{"name":"wp","href":"https:\/\/api.w.org\/{rel}","templated":true}]}}