{"id":1257394,"date":"2022-10-11T16:57:49","date_gmt":"2022-10-11T14:57:49","guid":{"rendered":"https:\/\/www.interiman-group.ch\/?page_id=1257394"},"modified":"2023-02-01T12:22:25","modified_gmt":"2023-02-01T11:22:25","slug":"wer-sind-wir","status":"publish","type":"page","link":"https:\/\/www.interiman-group.ch\/de\/wer-sind-wir\/","title":{"rendered":"Interiman Group, wer sind wir ? Leader unter den Personalvermittlern in der Schweiz"},"content":{"rendered":"","protected":false},"excerpt":{"rendered":"<p> [&#8230;]<\/p>\n<p><a class=\"btn btn-secondary understrap-read-more-link\" href=\"https:\/\/www.interiman-group.ch\/de\/wer-sind-wir\/\">Weiterlesen&#8230;<span class=\"screen-reader-text\"> from Interiman Group, wer sind wir ? Leader unter den Personalvermittlern in der Schweiz<\/span><\/a><\/p>\n","protected":false},"author":3,"featured_media":0,"parent":0,"menu_order":0,"comment_status":"closed","ping_status":"closed","template":"page-templates\/template-igs-factsheet.php","meta":{"_monsterinsights_skip_tracking":false,"_monsterinsights_sitenote_active":false,"_monsterinsights_sitenote_note":"","_monsterinsights_sitenote_category":0,"footnotes":""},"class_list":["post-1257394","page","type-page","status-publish","hentry"],"yoast_head":"<!-- This site is optimized with the Yoast SEO plugin v26.9 - https:\/\/yoast.com\/product\/yoast-seo-wordpress\/ -->\n<title>Interiman Group, wer sind wir ? Leader unter den Personalvermittlern in der Schweiz - Interiman Group<\/title>\n<meta name=\"description\" content=\"Mit \u00fcber 67 Niederlassungen ist die Interiman Group der f\u00fchrenden Anbieter von Personaldienstleistungen in der Schweiz. Wir sind in den Bereichen Personalvermittlung f\u00fcr Festanstellung und Tempor\u00e4rarbeit, Payrolling, Outplacement, Weiterbildung und HR-Outsourcing t\u00e4tig.\" \/>\n<meta name=\"robots\" content=\"index, follow, max-snippet:-1, max-image-preview:large, max-video-preview:-1\" \/>\n<link rel=\"canonical\" href=\"https:\/\/www.interiman-group.ch\/de\/wer-sind-wir\/\" \/>\n<meta property=\"og:locale\" content=\"de_DE\" \/>\n<meta property=\"og:type\" content=\"article\" \/>\n<meta property=\"og:title\" content=\"Interiman Group, wer sind wir ? Leader unter den Personalvermittlern in der Schweiz - Interiman Group\" \/>\n<meta property=\"og:description\" content=\"Mit \u00fcber 67 Niederlassungen ist die Interiman Group der f\u00fchrenden Anbieter von Personaldienstleistungen in der Schweiz. Wir sind in den Bereichen Personalvermittlung f\u00fcr Festanstellung und Tempor\u00e4rarbeit, Payrolling, Outplacement, Weiterbildung und HR-Outsourcing t\u00e4tig.\" \/>\n<meta property=\"og:url\" content=\"https:\/\/www.interiman-group.ch\/de\/wer-sind-wir\/\" \/>\n<meta property=\"og:site_name\" content=\"Interiman Group\" \/>\n<meta property=\"article:publisher\" content=\"https:\/\/www.facebook.com\/Medicalis-1737325559702106\/\" \/>\n<meta property=\"article:modified_time\" content=\"2023-02-01T11:22:25+00:00\" \/>\n<meta property=\"og:image\" content=\"https:\/\/www.interiman-group.ch\/wp-content\/uploads\/2023\/08\/Logo_Interiman_Group_rvb_high.png\" \/>\n\t<meta property=\"og:image:width\" content=\"1112\" \/>\n\t<meta property=\"og:image:height\" content=\"510\" \/>\n\t<meta property=\"og:image:type\" content=\"image\/png\" \/>\n<meta name=\"twitter:card\" content=\"summary_large_image\" \/>\n<script type=\"application\/ld+json\" class=\"yoast-schema-graph\">{\"@context\":\"https:\/\/schema.org\",\"@graph\":[{\"@type\":\"WebPage\",\"@id\":\"https:\/\/www.interiman-group.ch\/de\/wer-sind-wir\/\",\"url\":\"https:\/\/www.interiman-group.ch\/de\/wer-sind-wir\/\",\"name\":\"Interiman Group, wer sind wir ? Leader unter den Personalvermittlern in der Schweiz - Interiman Group\",\"isPartOf\":{\"@id\":\"https:\/\/www.interiman-group.ch\/de\/#website\"},\"datePublished\":\"2022-10-11T14:57:49+00:00\",\"dateModified\":\"2023-02-01T11:22:25+00:00\",\"description\":\"Mit \u00fcber 67 Niederlassungen ist die Interiman Group der f\u00fchrenden Anbieter von Personaldienstleistungen in der Schweiz. Wir sind in den Bereichen Personalvermittlung f\u00fcr Festanstellung und Tempor\u00e4rarbeit, Payrolling, Outplacement, Weiterbildung und HR-Outsourcing t\u00e4tig.\",\"breadcrumb\":{\"@id\":\"https:\/\/www.interiman-group.ch\/de\/wer-sind-wir\/#breadcrumb\"},\"inLanguage\":\"de\",\"potentialAction\":[{\"@type\":\"ReadAction\",\"target\":[\"https:\/\/www.interiman-group.ch\/de\/wer-sind-wir\/\"]}]},{\"@type\":\"BreadcrumbList\",\"@id\":\"https:\/\/www.interiman-group.ch\/de\/wer-sind-wir\/#breadcrumb\",\"itemListElement\":[{\"@type\":\"ListItem\",\"position\":1,\"name\":\"Accueil\",\"item\":\"https:\/\/www.interiman-group.ch\/de\/\"},{\"@type\":\"ListItem\",\"position\":2,\"name\":\"Interiman Group, wer sind wir ? Leader unter den Personalvermittlern in der Schweiz\"}]},{\"@type\":\"WebSite\",\"@id\":\"https:\/\/www.interiman-group.ch\/de\/#website\",\"url\":\"https:\/\/www.interiman-group.ch\/de\/\",\"name\":\"Interiman Group\",\"description\":\"\",\"publisher\":{\"@id\":\"https:\/\/www.interiman-group.ch\/de\/#organization\"},\"potentialAction\":[{\"@type\":\"SearchAction\",\"target\":{\"@type\":\"EntryPoint\",\"urlTemplate\":\"https:\/\/www.interiman-group.ch\/de\/?s={search_term_string}\"},\"query-input\":{\"@type\":\"PropertyValueSpecification\",\"valueRequired\":true,\"valueName\":\"search_term_string\"}}],\"inLanguage\":\"de\"},{\"@type\":\"Organization\",\"@id\":\"https:\/\/www.interiman-group.ch\/de\/#organization\",\"name\":\"Interiman Group\",\"url\":\"https:\/\/www.interiman-group.ch\/de\/\",\"logo\":{\"@type\":\"ImageObject\",\"inLanguage\":\"de\",\"@id\":\"https:\/\/www.interiman-group.ch\/de\/#\/schema\/logo\/image\/\",\"url\":\"https:\/\/www.interiman-group.ch\/wp-content\/uploads\/2022\/10\/igs-nav.png\",\"contentUrl\":\"https:\/\/www.interiman-group.ch\/wp-content\/uploads\/2022\/10\/igs-nav.png\",\"width\":157,\"height\":62,\"caption\":\"Interiman Group\"},\"image\":{\"@id\":\"https:\/\/www.interiman-group.ch\/de\/#\/schema\/logo\/image\/\"},\"sameAs\":[\"https:\/\/www.facebook.com\/Medicalis-1737325559702106\/\",\"https:\/\/www.linkedin.com\/company\/19057976\/\"]}]}<\/script>\n<!-- \/ Yoast SEO plugin. -->","yoast_head_json":{"title":"Interiman Group, wer sind wir ? Leader unter den Personalvermittlern in der Schweiz - Interiman Group","description":"Mit \u00fcber 67 Niederlassungen ist die Interiman Group der f\u00fchrenden Anbieter von Personaldienstleistungen in der Schweiz. Wir sind in den Bereichen Personalvermittlung f\u00fcr Festanstellung und Tempor\u00e4rarbeit, Payrolling, Outplacement, Weiterbildung und HR-Outsourcing t\u00e4tig.","robots":{"index":"index","follow":"follow","max-snippet":"max-snippet:-1","max-image-preview":"max-image-preview:large","max-video-preview":"max-video-preview:-1"},"canonical":"https:\/\/www.interiman-group.ch\/de\/wer-sind-wir\/","og_locale":"de_DE","og_type":"article","og_title":"Interiman Group, wer sind wir ? Leader unter den Personalvermittlern in der Schweiz - Interiman Group","og_description":"Mit \u00fcber 67 Niederlassungen ist die Interiman Group der f\u00fchrenden Anbieter von Personaldienstleistungen in der Schweiz. Wir sind in den Bereichen Personalvermittlung f\u00fcr Festanstellung und Tempor\u00e4rarbeit, Payrolling, Outplacement, Weiterbildung und HR-Outsourcing t\u00e4tig.","og_url":"https:\/\/www.interiman-group.ch\/de\/wer-sind-wir\/","og_site_name":"Interiman Group","article_publisher":"https:\/\/www.facebook.com\/Medicalis-1737325559702106\/","article_modified_time":"2023-02-01T11:22:25+00:00","og_image":[{"width":1112,"height":510,"url":"https:\/\/www.interiman-group.ch\/wp-content\/uploads\/2023\/08\/Logo_Interiman_Group_rvb_high.png","type":"image\/png"}],"twitter_card":"summary_large_image","schema":{"@context":"https:\/\/schema.org","@graph":[{"@type":"WebPage","@id":"https:\/\/www.interiman-group.ch\/de\/wer-sind-wir\/","url":"https:\/\/www.interiman-group.ch\/de\/wer-sind-wir\/","name":"Interiman Group, wer sind wir ? Leader unter den Personalvermittlern in der Schweiz - Interiman Group","isPartOf":{"@id":"https:\/\/www.interiman-group.ch\/de\/#website"},"datePublished":"2022-10-11T14:57:49+00:00","dateModified":"2023-02-01T11:22:25+00:00","description":"Mit \u00fcber 67 Niederlassungen ist die Interiman Group der f\u00fchrenden Anbieter von Personaldienstleistungen in der Schweiz. Wir sind in den Bereichen Personalvermittlung f\u00fcr Festanstellung und Tempor\u00e4rarbeit, Payrolling, Outplacement, Weiterbildung und HR-Outsourcing t\u00e4tig.","breadcrumb":{"@id":"https:\/\/www.interiman-group.ch\/de\/wer-sind-wir\/#breadcrumb"},"inLanguage":"de","potentialAction":[{"@type":"ReadAction","target":["https:\/\/www.interiman-group.ch\/de\/wer-sind-wir\/"]}]},{"@type":"BreadcrumbList","@id":"https:\/\/www.interiman-group.ch\/de\/wer-sind-wir\/#breadcrumb","itemListElement":[{"@type":"ListItem","position":1,"name":"Accueil","item":"https:\/\/www.interiman-group.ch\/de\/"},{"@type":"ListItem","position":2,"name":"Interiman Group, wer sind wir ? Leader unter den Personalvermittlern in der Schweiz"}]},{"@type":"WebSite","@id":"https:\/\/www.interiman-group.ch\/de\/#website","url":"https:\/\/www.interiman-group.ch\/de\/","name":"Interiman Group","description":"","publisher":{"@id":"https:\/\/www.interiman-group.ch\/de\/#organization"},"potentialAction":[{"@type":"SearchAction","target":{"@type":"EntryPoint","urlTemplate":"https:\/\/www.interiman-group.ch\/de\/?s={search_term_string}"},"query-input":{"@type":"PropertyValueSpecification","valueRequired":true,"valueName":"search_term_string"}}],"inLanguage":"de"},{"@type":"Organization","@id":"https:\/\/www.interiman-group.ch\/de\/#organization","name":"Interiman Group","url":"https:\/\/www.interiman-group.ch\/de\/","logo":{"@type":"ImageObject","inLanguage":"de","@id":"https:\/\/www.interiman-group.ch\/de\/#\/schema\/logo\/image\/","url":"https:\/\/www.interiman-group.ch\/wp-content\/uploads\/2022\/10\/igs-nav.png","contentUrl":"https:\/\/www.interiman-group.ch\/wp-content\/uploads\/2022\/10\/igs-nav.png","width":157,"height":62,"caption":"Interiman Group"},"image":{"@id":"https:\/\/www.interiman-group.ch\/de\/#\/schema\/logo\/image\/"},"sameAs":["https:\/\/www.facebook.com\/Medicalis-1737325559702106\/","https:\/\/www.linkedin.com\/company\/19057976\/"]}]}},"_links":{"self":[{"href":"https:\/\/www.interiman-group.ch\/de\/wp-json\/wp\/v2\/pages\/1257394","targetHints":{"allow":["GET"]}}],"collection":[{"href":"https:\/\/www.interiman-group.ch\/de\/wp-json\/wp\/v2\/pages"}],"about":[{"href":"https:\/\/www.interiman-group.ch\/de\/wp-json\/wp\/v2\/types\/page"}],"author":[{"embeddable":true,"href":"https:\/\/www.interiman-group.ch\/de\/wp-json\/wp\/v2\/users\/3"}],"replies":[{"embeddable":true,"href":"https:\/\/www.interiman-group.ch\/de\/wp-json\/wp\/v2\/comments?post=1257394"}],"version-history":[{"count":1,"href":"https:\/\/www.interiman-group.ch\/de\/wp-json\/wp\/v2\/pages\/1257394\/revisions"}],"predecessor-version":[{"id":1257395,"href":"https:\/\/www.interiman-group.ch\/de\/wp-json\/wp\/v2\/pages\/1257394\/revisions\/1257395"}],"wp:attachment":[{"href":"https:\/\/www.interiman-group.ch\/de\/wp-json\/wp\/v2\/media?parent=1257394"}],"curies":[{"name":"wp","href":"https:\/\/api.w.org\/{rel}","templated":true}]}}